{"id":109,"date":"2025-07-23T19:56:01","date_gmt":"2025-07-23T19:56:01","guid":{"rendered":"https:\/\/octopusmission.pt\/?page_id=109"},"modified":"2026-02-18T14:41:53","modified_gmt":"2026-02-18T14:41:53","slug":"politica-de-cookies-2","status":"publish","type":"page","link":"https:\/\/octopusmission.pt\/en\/politica-de-cookies-2\/","title":{"rendered":"Pol\u00edtica de Cookies"},"content":{"rendered":"<div data-elementor-type=\"wp-page\" data-elementor-id=\"109\" class=\"elementor elementor-109\">\n\t\t\t\t<div class=\"elementor-element elementor-element-26787602 e-flex e-con-boxed e-con e-parent\" data-id=\"26787602\" data-element_type=\"container\" data-e-type=\"container\">\n\t\t\t\t\t<div class=\"e-con-inner\">\n\t\t\t\t<div class=\"elementor-element elementor-element-5247e57c elementor-widget elementor-widget-text-editor\" data-id=\"5247e57c\" data-element_type=\"widget\" data-e-type=\"widget\" data-widget_type=\"text-editor.default\">\n\t\t\t\t\t\t\t\t\t<p><span style=\"color: #000000;\"><strong>O QUE \u00c9 UM COOKIE?<\/strong><\/span><\/p>\n<p><span style=\"color: #000000;\"><!-- \/wp:paragraph --><!-- wp:paragraph --><\/span><\/p>\n<p><span style=\"color: #000000;\">Os\u00a0<em>cookies<\/em>\u00a0s\u00e3o arquivos ou ficheiros de texto que cont\u00eam pequenas quantidades de informa\u00e7\u00f5es que s\u00e3o descarregadas e guardadas no dispositivo do utilizador, atrav\u00e9s do seu\u00a0<em>browser<\/em>, quando visita uma p\u00e1gina da Web. S\u00e3o pequenos ficheiros de dados que se enviam para o computador do utilizador, telem\u00f3vel ou outro dispositivo de acesso quando visita uma p\u00e1gina web e que permitem obter informa\u00e7\u00e3o relativa \u00e0 sua navega\u00e7\u00e3o ou um c\u00f3digo que permite identificar o equipamento &#8211; designaremos em baixo por \u201ccookies\u201d.<\/span><\/p>\n<p><span style=\"color: #000000;\"><!-- \/wp:paragraph --><!-- wp:paragraph --><\/span><\/p>\n<p><span style=\"color: #000000;\"><strong>PORQU\u00ca UTILIZAR COOKIES<\/strong><\/span><\/p>\n<p><span style=\"color: #000000;\"><!-- \/wp:paragraph --><!-- wp:paragraph --><\/span><\/p>\n<p><span style=\"color: #000000;\">O objetivo principal \u00e9 simplificar a navega\u00e7\u00e3o e permitir ao utilizador um melhor uso do\u00a0<em>site<\/em>. Para esse efeito, o utilizador \u00e9 reconhecido sempre que acede ao\u00a0<em>site<\/em>, eliminando a necessidade de introduzir repetidamente as mesmas informa\u00e7\u00f5es e, deste modo, permite uma navega\u00e7\u00e3o mais r\u00e1pida, eficiente e com melhor qualidade. As informa\u00e7\u00f5es recolhidas pelos\u00a0<em>cookies<\/em>\u00a0permitem tamb\u00e9m\u00a0melhorar o\u00a0<em>site<\/em>.<\/span><\/p>\n<p><span style=\"color: #000000;\"><!-- \/wp:paragraph --><!-- wp:paragraph --><\/span><\/p>\n<p><span style=\"color: #000000;\"><strong>TIPOS DE COOKIE UTILIZADOS E QUAIS AS SUAS FINALIDADES<\/strong><\/span><\/p>\n<p><span style=\"color: #000000;\"><!-- \/wp:paragraph --><!-- wp:paragraph --><\/span><\/p>\n<p><span style=\"color: #000000;\">Este website utiliza cookies de sess\u00e3o e cookies persistentes que, por seu turno, poder\u00e3o ser cookies pr\u00f3prios ou de terceiros. S\u00e3o ficheiros que cont\u00eam informa\u00e7\u00e3o n\u00e3o pessoal, mas que permitem a identifica\u00e7\u00e3o do equipamento por parte da OCTOPUSMISSION \u2013 Unipessoal Lda, enquanto propriet\u00e1ria do website.<\/span><\/p>\n<p><span style=\"color: #000000;\"><!-- \/wp:paragraph --><!-- wp:paragraph --><\/span><\/p>\n<p><span style=\"color: #000000;\">A informa\u00e7\u00e3o an\u00f3nima recolhida mediante o recurso a cookies destina-se exclusivamente a ser processada para ajudar a melhorar o conte\u00fado e funcionamento do website, n\u00e3o havendo lugar \u00e0 recolha de quaisquer dados pessoais dos utilizadores. Se o utilizador assim o desejar, poder\u00e1 desativar os cookies atrav\u00e9s das defini\u00e7\u00f5es do seu browser.<\/span><\/p>\n<p><span style=\"color: #000000;\"><!-- \/wp:paragraph --><!-- wp:paragraph --><\/span><\/p>\n<p><span style=\"color: #000000;\">Os cookies de sess\u00e3o s\u00e3o criados para recolher e armazenar dados enquanto o utilizador acede a uma p\u00e1gina web. Costumam ser utilizados para armazenar informa\u00e7\u00e3o que s\u00f3 interessa conservar para a presta\u00e7\u00e3o do servi\u00e7o solicitado pelo utilizador num \u00fanico momento.<\/span><\/p>\n<p><span style=\"color: #000000;\"><!-- \/wp:paragraph --><!-- wp:paragraph --><\/span><\/p>\n<p><span style=\"color: #000000;\">Os cookies persistentes s\u00e3o um tipo de cookies os quais continuam armazenados no terminal, que podem ser tratados e aos quais se pode aceder durante um per\u00edodo definido pelo respons\u00e1vel do cookie.<\/span><\/p>\n<p><span style=\"color: #000000;\"><!-- \/wp:paragraph --><!-- wp:paragraph --><\/span><\/p>\n<p><span style=\"color: #000000;\">Os cookies pr\u00f3prios s\u00e3o os criados ou geridos pelo respons\u00e1vel da p\u00e1gina web.<\/span><\/p>\n<p><span style=\"color: #000000;\"><!-- \/wp:paragraph --><!-- wp:paragraph --><\/span><\/p>\n<p><span style=\"color: #000000;\">A p\u00e1gina web www.octopusmission.pt utiliza cookies pr\u00f3prios persistentes apenas com a finalidade de lembrar da aceita\u00e7\u00e3o da pol\u00edtica de cookies, que s\u00e3o guardados no computador pelo per\u00edodo de 1 m\u00eas.<\/span><\/p>\n<p><span style=\"color: #000000;\"><!-- \/wp:paragraph --><!-- wp:paragraph --><\/span><\/p>\n<p><span style=\"color: #000000;\">A p\u00e1gina web www.octopusmission.pt utiliza cookies de terceiros apenas para monitoriza\u00e7\u00e3o an\u00f3nima dos dados de navega\u00e7\u00e3o, nomeadamente com recurso ao Google Analytics, recolhendo informa\u00e7\u00e3o an\u00f3nima de acesso \u00e0s p\u00e1ginas do website. O Google Analytics coloca a cookie _ga com validade de 2 anos e a _gat com validade de 10 minutos.<\/span><\/p>\n<p><span style=\"color: #000000;\"><!-- \/wp:paragraph --><!-- wp:paragraph --><\/span><\/p>\n<p><span style=\"color: #000000;\">A OCTOPUSMISSION \u2013 Unipessoal Lda respeita o direito \u00e0 vida privada dos utilizadores do website e declara que cumpre todas as disposi\u00e7\u00f5es legais aplic\u00e1veis \u00e0 prote\u00e7\u00e3o e privacidade dos dados pessoais destes, designadamente as disposi\u00e7\u00f5es constantes da Lei n.\u00ba 67\/98, de 26 de outubro (\u201cLei da Prote\u00e7\u00e3o de Dados\u201d)<\/span><\/p>\n<p><span style=\"color: #000000;\"><!-- \/wp:paragraph --><!-- wp:paragraph --><\/span><\/p>\n<p><span style=\"color: #000000;\"><strong>DESATIVA\u00c7\u00c3O OU ELIMINA\u00c7\u00c3O DE COOKIES<\/strong><\/span><\/p>\n<p><span style=\"color: #000000;\"><!-- \/wp:paragraph --><!-- wp:paragraph --><\/span><\/p>\n<p><span style=\"color: #000000;\">A maioria dos navegadores de Internet permite gerir, em qualquer momento, as prefer\u00eancias do Utilizador relacionadas com a utiliza\u00e7\u00e3o de cookies. O Utilizador pode ajustar o seu navegador para rejeitar cookies ou eliminar determinados cookies conforme o seu crit\u00e9rio.<\/span><\/p>\n<p><span style=\"color: #000000;\"><!-- \/wp:paragraph --><!-- wp:paragraph --><\/span><\/p>\n<p><span style=\"color: #000000;\">Para a configura\u00e7\u00e3o dos nossos cookies e dos de terceiros, o Utilizador pode aceder a:<\/span><\/p>\n<p><span style=\"color: #000000;\"><!-- \/wp:paragraph --><!-- wp:paragraph --><\/span><\/p>\n<p><span style=\"color: #000000;\"><em>Google Chrome:<\/em> Ferramentas \u2192 Configura\u00e7\u00e3o \u2192 Mostrar op\u00e7\u00f5es avan\u00e7adas \u2192 configura\u00e7\u00e3o de conte\u00fado \u2192 Cookies \u2192 Bloquear os dados de s\u00edtios web e os cookies de terceiros<\/span><\/p>\n<p><span style=\"color: #000000;\"><!-- \/wp:paragraph --><!-- wp:paragraph --><\/span><\/p>\n<p><span style=\"color: #000000;\"><em>Mozilla Firefox:<\/em> Ferramentas \u2192 Op\u00e7\u00f5es \u2192 Privacidade \u2192 Hist\u00f3rico \u2192 Usar uma configura\u00e7\u00e3o personalizada para o hist\u00f3rico (desmarcar todas as quadr\u00edculas).<\/span><\/p>\n<p><span style=\"color: #000000;\"><!-- \/wp:paragraph --><!-- wp:paragraph --><\/span><\/p>\n<p><span style=\"color: #000000;\"><em>Internet Explorer:<\/em> Ferramentas \u2192 Op\u00e7\u00f5es de Internet \u2192 Privacidade \u2192 Configura\u00e7\u00e3o para a zona de Internet (subir a barra de navega\u00e7\u00e3o at\u00e9 Bloquear todos os cookies).<\/span><\/p>\n<p><span style=\"color: #000000;\"><!-- \/wp:paragraph --><!-- wp:paragraph --><\/span><\/p>\n<p><span style=\"color: #000000;\"><em>Safari:<\/em> Edi\u00e7\u00e3o \u2192 Prefer\u00eancias \u2192 Privacidade \u2192 Bloquear cookies (selecionar \u201csempre\u201d).<\/span><\/p>\n<p><span style=\"color: #000000;\"><!-- \/wp:paragraph --><!-- wp:paragraph --><\/span><\/p>\n<p><span style=\"color: #000000;\"><em>Safari (IOS):<\/em> Ajustes \u2192 Safari \u2192 Bloquear cookies<\/span><\/p>\n<p><span style=\"color: #000000;\"><!-- \/wp:paragraph --><!-- wp:paragraph --><\/span><\/p>\n<p><span style=\"color: #000000;\">O utilizador pode revogar o seu consentimento para a utiliza\u00e7\u00e3o de cookies no seu navegador atrav\u00e9s das op\u00e7\u00f5es do fabricante do navegador que estiver a utilizar, ou ent\u00e3o instalando um sistema de rejei\u00e7\u00e3o (\u201c<em>opt-out<\/em>\u201d) atrav\u00e9s dos links de alguns terceiros que instalam cookies nas p\u00e1ginas web de www.octopusmission.pt.<\/span><\/p>\n<p><span style=\"color: #000000;\"><!-- \/wp:paragraph --><!-- wp:paragraph --><\/span><\/p>\n<p><span style=\"color: #000000;\">Se n\u00e3o quiser que o Google Analytics recolha e utilize informa\u00e7\u00e3o, pode instalar um sistema de rejei\u00e7\u00e3o (\u201copt-out\u201d) no seu navegador de Internet: https:\/\/tools.google.com\/dlpage\/gaoptout?hl=None<\/span><\/p>\n<p><span style=\"color: #000000;\"><!-- \/wp:paragraph --><!-- wp:paragraph --><\/span><\/p>\n<p><span style=\"color: #000000;\">O utilizador deve ter em conta que algumas caracter\u00edsticas dos conte\u00fados da p\u00e1gina web www.octopusmission.pt s\u00f3 est\u00e3o dispon\u00edveis se permitir a instala\u00e7\u00e3o de cookies no seu navegador. Se decidir n\u00e3o aceitar ou se bloquear determinados cookies (conforme a sua finalidade), tal poder\u00e1 afetar, total ou parcialmente, o funcionamento normal da p\u00e1gina web ou poder\u00e1 impedir o acesso a alguns servi\u00e7os da mesma.<\/span><\/p>\n<p><span style=\"color: #000000;\"><!-- \/wp:paragraph --><!-- wp:paragraph --><\/span><\/p>\n<p><span style=\"color: #000000;\"><strong>ATUALIZA\u00c7\u00d5ES E MODIFICA\u00c7\u00d5ES NA POL\u00cdTICA DE COOKIES<\/strong><\/span><\/p>\n<p><span style=\"color: #000000;\"><!-- \/wp:paragraph --><!-- wp:paragraph --><\/span><\/p>\n<p><span style=\"color: #000000;\">A OCTOPUSMISSION \u2013 Unipessoal Lda pode modificar esta Pol\u00edtica de Cookies em fun\u00e7\u00e3o de novas exig\u00eancias legislativas, regulamentares, ou com o fim de adaptar a mencionada pol\u00edtica \u00e0s instru\u00e7\u00f5es ditadas pela Comiss\u00e3o Nacional de Prote\u00e7\u00e3o de Dados.<\/span><\/p>\n<p><span style=\"color: #000000;\"><!-- \/wp:paragraph --><!-- wp:paragraph --><\/span><\/p>\n<p><span style=\"color: #000000;\">Quando se produzirem modifica\u00e7\u00f5es significativas nesta Pol\u00edtica de Cookies, estas ser\u00e3o comunicadas ao utilizador por meio de um aviso informativo na p\u00e1gina web do editor. Se desejar mais informa\u00e7\u00f5es acerca do uso que fazemos dos cookies, pode enviar-nos um e-mail para geral@octopusmission.pt.<\/span><\/p>\n<p><!-- \/wp:paragraph --><!-- wp:paragraph --><\/p>\n<p><!-- \/wp:paragraph --><\/p>\t\t\t\t\t\t\t\t<\/div>\n\t\t\t\t\t<\/div>\n\t\t\t\t<\/div>\n\t\t\t\t<\/div>","protected":false},"excerpt":{"rendered":"<p>O QUE \u00c9 UM COOKIE? Os\u00a0cookies\u00a0s\u00e3o arquivos ou ficheiros de texto que cont\u00eam pequenas quantidades de informa\u00e7\u00f5es que s\u00e3o descarregadas e guardadas no dispositivo do utilizador, atrav\u00e9s do seu\u00a0browser, quando visita uma p\u00e1gina da Web. S\u00e3o pequenos ficheiros de dados que se enviam para o computador do utilizador, telem\u00f3vel ou outro dispositivo de acesso quando [&hellip;]<\/p>\n","protected":false},"author":1,"featured_media":0,"parent":0,"menu_order":0,"comment_status":"closed","ping_status":"closed","template":"","meta":{"footnotes":""},"class_list":["post-109","page","type-page","status-publish","hentry"],"_links":{"self":[{"href":"https:\/\/octopusmission.pt\/en\/wp-json\/wp\/v2\/pages\/109","targetHints":{"allow":["GET"]}}],"collection":[{"href":"https:\/\/octopusmission.pt\/en\/wp-json\/wp\/v2\/pages"}],"about":[{"href":"https:\/\/octopusmission.pt\/en\/wp-json\/wp\/v2\/types\/page"}],"author":[{"embeddable":true,"href":"https:\/\/octopusmission.pt\/en\/wp-json\/wp\/v2\/users\/1"}],"replies":[{"embeddable":true,"href":"https:\/\/octopusmission.pt\/en\/wp-json\/wp\/v2\/comments?post=109"}],"version-history":[{"count":17,"href":"https:\/\/octopusmission.pt\/en\/wp-json\/wp\/v2\/pages\/109\/revisions"}],"predecessor-version":[{"id":932,"href":"https:\/\/octopusmission.pt\/en\/wp-json\/wp\/v2\/pages\/109\/revisions\/932"}],"wp:attachment":[{"href":"https:\/\/octopusmission.pt\/en\/wp-json\/wp\/v2\/media?parent=109"}],"curies":[{"name":"wp","href":"https:\/\/api.w.org\/{rel}","templated":true}]}}