{"id":110,"date":"2025-07-23T19:56:01","date_gmt":"2025-07-23T19:56:01","guid":{"rendered":"https:\/\/octopusmission.pt\/?page_id=110"},"modified":"2026-02-18T14:38:14","modified_gmt":"2026-02-18T14:38:14","slug":"politica-de-privacidade","status":"publish","type":"page","link":"https:\/\/octopusmission.pt\/en\/politica-de-privacidade\/","title":{"rendered":"Pol\u00edtica de privacidade"},"content":{"rendered":"<div data-elementor-type=\"wp-page\" data-elementor-id=\"110\" class=\"elementor elementor-110\">\n\t\t\t\t<div class=\"elementor-element elementor-element-4ffe570 e-flex e-con-boxed e-con e-parent\" data-id=\"4ffe570\" data-element_type=\"container\" data-e-type=\"container\">\n\t\t\t\t\t<div class=\"e-con-inner\">\n\t\t\t\t<div class=\"elementor-element elementor-element-62d62f16 elementor-widget elementor-widget-text-editor\" data-id=\"62d62f16\" data-element_type=\"widget\" data-e-type=\"widget\" data-widget_type=\"text-editor.default\">\n\t\t\t\t\t\t\t\t\t<p><!-- \/wp:paragraph --><!-- wp:paragraph --><\/p>\n<p><span style=\"color: #000000;\"><strong>RESPONS\u00c1VEL PELO TRATAMENTO DOS DADOS PESSOAIS<\/strong><\/span><\/p>\n<p><!-- \/wp:paragraph --><!-- wp:paragraph --><\/p>\n<p><span style=\"color: #000000;\">O respons\u00e1vel pelo tratamento dos dados pessoais recolhidos atrav\u00e9s da p\u00e1gina www.octopusmission.pt \u00e9 a OCTOPUSMISSION &#8211; Unipessoal Lda., pessoa coletiva n.\u00ba 518 499 944, com sede na Rua da portelinha n\u00ba 434 2\u00ba traseiras &#8211; 4510-638 F\u00e2nzeres &#8211; Gondomar, matriculada na conservat\u00f3ria do registo comercial de Gondomar, com o capital social de 5.000\u20ac (doravante designada por \u00abOCTOPUSMISSION\u00bb).<\/span><\/p>\n<p><span style=\"color: #000000;\"><!-- \/wp:paragraph --><!-- wp:paragraph --><\/span><\/p>\n<p><span style=\"color: #000000;\">Esta Pol\u00edtica de Privacidade descreve como a sua informa\u00e7\u00e3o pessoal \u00e9 recolhida, usada e partilhada ao visitar ou fazer compras em www.octopusmission.pt.<\/span><\/p>\n<p><span style=\"color: #000000;\"><!-- \/wp:paragraph --><!-- wp:paragraph --><\/span><\/p>\n<p><span style=\"color: #000000;\"><strong>A INFORMA\u00c7\u00c3O PESSOAL QUE RECOLHEMOS<\/strong><\/span><\/p>\n<p><span style=\"color: #000000;\"><!-- \/wp:paragraph --><!-- wp:paragraph --><\/span><\/p>\n<p><span style=\"color: #000000;\">Quando visita o nosso site, recolhemos automaticamente certas informa\u00e7\u00f5es sobre o seu dispositivo, incluindo informa\u00e7\u00e3o sobre o seu navegador de internet, endere\u00e7o de IP, fuso hor\u00e1rio e algumas das cookies que est\u00e3o instaladas no seu dispositivo.<\/span><\/p>\n<p><span style=\"color: #000000;\"><!-- \/wp:paragraph --><!-- wp:paragraph --><\/span><\/p>\n<p><span style=\"color: #000000;\">Adicionalmente, enquanto navega pelo Site, recolhemos informa\u00e7\u00e3o sobre as p\u00e1ginas individuais ou os produtos que visualiza, os sites ou termos de pesquisa que o direcionaram para o Site e a informa\u00e7\u00e3o sobre como interage com o Site. Referimo-nos a esta informa\u00e7\u00e3o recolhida automaticamente como\u00a0<strong>Informa\u00e7\u00e3o do Dispositivo<\/strong>.<\/span><\/p>\n<p><span style=\"color: #000000;\"><!-- \/wp:paragraph --><!-- wp:paragraph --><\/span><\/p>\n<p><span style=\"color: #000000;\">Recolhemos Informa\u00e7\u00e3o do Dispositivo usando as tecnologias seguintes:<\/span><\/p>\n<p><span style=\"color: #000000;\"><!-- \/wp:paragraph --><!-- wp:list --><\/span><\/p>\n<ul class=\"wp-block-list\">\n<li style=\"list-style-type: none;\">\n<ul class=\"wp-block-list\"><!-- wp:list-item --><\/ul>\n<\/li>\n<\/ul>\n<p>\u00a0<\/p>\n<ul class=\"wp-block-list\">\n<li style=\"list-style-type: none;\">\n<ul class=\"wp-block-list\">\n<li><span style=\"color: #000000;\"><strong>Cookies<\/strong>\u00a0&#8211; ver pol\u00edtica de cookies no site<\/span><\/li>\n<\/ul>\n<\/li>\n<\/ul>\n<p><span style=\"color: #000000;\"><!-- \/wp:list-item --><\/span><\/p>\n<p><span style=\"color: #000000;\"><!-- \/wp:list --><!-- wp:paragraph --><\/span><\/p>\n<p><span style=\"color: #000000;\">Al\u00e9m disso, quando realiza uma compra ou tenta realizar uma compra atrav\u00e9s do Site, recolhemos certa informa\u00e7\u00e3o sua, incluindo o seu nome, endere\u00e7o de fatura\u00e7\u00e3o, endere\u00e7o de expedi\u00e7\u00e3o, informa\u00e7\u00e3o de pagamento: n\u00fameros de cart\u00e3o de cr\u00e9dito,\u00a0<em>MB WAY<\/em>, endere\u00e7o de email e n\u00famero de telefone. Isto chama-se\u00a0<strong>Informa\u00e7\u00e3o da Encomenda<\/strong>.<\/span><\/p>\n<p><span style=\"color: #000000;\"><!-- \/wp:paragraph --><!-- wp:paragraph --><\/span><\/p>\n<p><span style=\"color: #000000;\">Por\u00a0<strong>Informa\u00e7\u00e3o Pessoal<\/strong>, nesta Pol\u00edtica de Privacidade, referimo-nos a Informa\u00e7\u00e3o do Dispositivo e Informa\u00e7\u00e3o da Encomenda.<\/span><\/p>\n<p><span style=\"color: #000000;\"><!-- \/wp:paragraph --><!-- wp:paragraph --><\/span><\/p>\n<p><span style=\"color: #000000;\"><strong>COMO USAMOS A SUA INFORMA\u00c7\u00c3O PESSOAL<\/strong><\/span><\/p>\n<p><span style=\"color: #000000;\"><!-- \/wp:paragraph --><!-- wp:paragraph --><\/span><\/p>\n<p><span style=\"color: #000000;\">Geralmente, usamos a Informa\u00e7\u00e3o da Encomenda recolhida para cumprir qualquer encomenda realizada atrav\u00e9s do Site (incluindo o processamento da sua informa\u00e7\u00e3o de pagamento, tratar da expedi\u00e7\u00e3o e fornecer-lhe as faturas e\/ou confirma\u00e7\u00f5es da encomenda).<\/span><\/p>\n<p><span style=\"color: #000000;\"><!-- \/wp:paragraph --><!-- wp:paragraph --><\/span><\/p>\n<p><span style=\"color: #000000;\">Adicionalmente, usamos esta Informa\u00e7\u00e3o da Encomenda para:<\/span><\/p>\n<p><span style=\"color: #000000;\"><!-- \/wp:paragraph --><!-- wp:list --><\/span><\/p>\n<ul class=\"wp-block-list\">\n<li style=\"list-style-type: none;\">\n<ul class=\"wp-block-list\"><!-- wp:list-item --><\/ul>\n<\/li>\n<\/ul>\n<p>\u00a0<\/p>\n<ul class=\"wp-block-list\">\n<li style=\"list-style-type: none;\">\n<ul class=\"wp-block-list\">\n<li><span style=\"color: #000000;\">Comunicar consigo<\/span><\/li>\n<\/ul>\n<\/li>\n<\/ul>\n<p><span style=\"color: #000000;\"><!-- \/wp:list-item --><!-- wp:list-item --><\/span><\/p>\n<ul class=\"wp-block-list\">\n<li style=\"list-style-type: none;\">\n<ul class=\"wp-block-list\">\n<li><span style=\"color: #000000;\">Analisar as nossas encomendas em busca de potenciais riscos ou fraudes<\/span><\/li>\n<\/ul>\n<\/li>\n<\/ul>\n<p><span style=\"color: #000000;\"><!-- \/wp:list-item --><!-- wp:list-item --><\/span><\/p>\n<ul class=\"wp-block-list\">\n<li style=\"list-style-type: none;\">\n<ul class=\"wp-block-list\">\n<li><span style=\"color: #000000;\">Quando alinhadas com as prefer\u00eancias que partilhou connosco, fornecer-lhe informa\u00e7\u00e3o ou publicidade relacionada com os nossos produtos ou servi\u00e7os.<\/span><\/li>\n<\/ul>\n<\/li>\n<\/ul>\n<p><span style=\"color: #000000;\"><!-- \/wp:list-item --><\/span><\/p>\n<p><span style=\"color: #000000;\"><!-- \/wp:list --><!-- wp:paragraph --><\/span><\/p>\n<p><span style=\"color: #000000;\">Usamos a Informa\u00e7\u00e3o de Dispositivo que recolhemos para nos ajudar a eliminar potenciais riscos e fraudes (especialmente, o seu endere\u00e7o de IP) e, mais frequentemente, para melhorar e otimizar o nosso Site.<\/span><\/p>\n<p><span style=\"color: #000000;\"><!-- \/wp:paragraph --><!-- wp:paragraph --><\/span><\/p>\n<p><span style=\"color: #000000;\"><strong>PARTILHAR A SUA INFORMA\u00c7\u00c3O PESSOAL<\/strong><\/span><\/p>\n<p><span style=\"color: #000000;\"><!-- \/wp:paragraph --><!-- wp:paragraph --><\/span><\/p>\n<p><span style=\"color: #000000;\">Partilhamos a sua Informa\u00e7\u00e3o Pessoal com entidades terceiras que nos ajudam a usar a sua Informa\u00e7\u00e3o Pessoal, tal como descrito acima.<\/span><\/p>\n<p><span style=\"color: #000000;\"><!-- \/wp:paragraph --><!-- wp:paragraph --><\/span><\/p>\n<p><span style=\"color: #000000;\">Tamb\u00e9m usamos a Google Analytics para nos ajudar a perceber como os nossos clientes usam a OCTOPUSMISSION.\u00a0<a style=\"color: #000000;\" href=\"https:\/\/www.google.com\/intl\/en\/policies\/privacy\/\" target=\"_blank\" rel=\"noreferrer noopener\">Como a Google usa a sua Informa\u00e7\u00e3o Pessoal<\/a>.<\/span><\/p>\n<p><span style=\"color: #000000;\"><!-- \/wp:paragraph --><!-- wp:paragraph --><\/span><\/p>\n<p><span style=\"color: #000000;\">Finalmente, tamb\u00e9m podemos partilhar a sua Informa\u00e7\u00e3o Pessoal para cumprir leis e regulamentos aplic\u00e1veis, para responder a intima\u00e7\u00f5es, mandados de busca ou outros pedidos legais relativos a informa\u00e7\u00e3o que recebemos, ou para proteger os nossos direitos de qualquer outra forma.<\/span><\/p>\n<p><span style=\"color: #000000;\"><!-- \/wp:paragraph --><!-- wp:paragraph --><\/span><\/p>\n<p><span style=\"color: #000000;\"><strong>PUBLICIDADE COMPORTAMENTAL<\/strong><\/span><\/p>\n<p><span style=\"color: #000000;\"><!-- \/wp:paragraph --><!-- wp:paragraph --><\/span><\/p>\n<p><span style=\"color: #000000;\">Usamos a sua Informa\u00e7\u00e3o Pessoal para lhe fornecer an\u00fancios direcionados ou comunica\u00e7\u00f5es de marketing que acreditamos que possam ser do seu interesse.<\/span><\/p>\n<p><span style=\"color: #000000;\"><!-- \/wp:paragraph --><!-- wp:list --><\/span><\/p>\n<ul class=\"wp-block-list\">\n<li style=\"list-style-type: none;\">\n<ul class=\"wp-block-list\"><!-- wp:list-item --><\/ul>\n<\/li>\n<\/ul>\n<p>\u00a0<\/p>\n<ul class=\"wp-block-list\">\n<li style=\"list-style-type: none;\">\n<ul class=\"wp-block-list\">\n<li><span style=\"color: #000000;\"><a style=\"color: #000000;\" href=\"https:\/\/www.facebook.com\/settings\/?tab=ads\" target=\"_blank\" rel=\"noreferrer noopener\">Facebook<\/a><\/span><\/li>\n<\/ul>\n<\/li>\n<\/ul>\n<p><span style=\"color: #000000;\"><!-- \/wp:list-item --><!-- wp:list-item --><\/span><\/p>\n<ul class=\"wp-block-list\">\n<li style=\"list-style-type: none;\">\n<ul class=\"wp-block-list\">\n<li><span style=\"color: #000000;\"><a style=\"color: #000000;\" href=\"https:\/\/www.google.com\/settings\/ads\/anonymous\" target=\"_blank\" rel=\"noreferrer noopener\">Google<\/a><\/span><\/li>\n<\/ul>\n<\/li>\n<\/ul>\n<p><span style=\"color: #000000;\"><!-- \/wp:list-item --><\/span><\/p>\n<p><span style=\"color: #000000;\"><!-- \/wp:list --><!-- wp:paragraph --><\/span><\/p>\n<p><span style=\"color: #000000;\">Pode cancelar a publicidade direcionada\u2026<\/span><\/p>\n<p><span style=\"color: #000000;\"><!-- \/wp:paragraph --><!-- wp:paragraph --><\/span><\/p>\n<p><span style=\"color: #000000;\"><strong>OS SEUS DIREITOS<\/strong><\/span><\/p>\n<p><span style=\"color: #000000;\"><!-- \/wp:paragraph --><!-- wp:paragraph --><\/span><\/p>\n<p><span style=\"color: #000000;\">Se for residente na Europa, tem o direito de aceder \u00e0 informa\u00e7\u00e3o pessoal que temos sobre si e de pedir que a sua informa\u00e7\u00e3o pessoal seja corrigida, atualizada ou eliminada. Se desejar exercer este direito, por favor, contacte-nos: geral@octopusmission.pt.<\/span><\/p>\n<p><span style=\"color: #000000;\"><!-- \/wp:paragraph --><!-- wp:paragraph --><\/span><\/p>\n<p><span style=\"color: #000000;\">Al\u00e9m disso, se for residente na Europa, real\u00e7amos que processamos a sua informa\u00e7\u00e3o para cumprir contratos que possamos ter consigo (por exemplo, se realizar uma encomenda atrav\u00e9s do Site) ou para, de outra qualquer forma, perseguir os nossos interesses comerciais leg\u00edtimos listados acima.<\/span><\/p>\n<p><span style=\"color: #000000;\"><!-- \/wp:paragraph --><!-- wp:paragraph --><\/span><\/p>\n<p><span style=\"color: #000000;\">Tenha em aten\u00e7\u00e3o que a sua informa\u00e7\u00e3o ser\u00e1 transferida para fora da Europa, incluindo para o Canad\u00e1 e para os Estados Unidos.<\/span><\/p>\n<p><span style=\"color: #000000;\"><!-- \/wp:paragraph --><!-- wp:paragraph --><\/span><\/p>\n<p><span style=\"color: #000000;\"><strong>RETEN\u00c7\u00c3O DE DADOS<\/strong><\/span><\/p>\n<p><span style=\"color: #000000;\"><!-- \/wp:paragraph --><!-- wp:paragraph --><\/span><\/p>\n<p><span style=\"color: #000000;\">Quando realizar uma encomenda atrav\u00e9s do Site, manteremos a sua Informa\u00e7\u00e3o de Encomenda nos nossos registos, a n\u00e3o ser que nos pe\u00e7a para eliminar a informa\u00e7\u00e3o.<\/span><\/p>\n<p><span style=\"color: #000000;\"><!-- \/wp:paragraph --><!-- wp:paragraph --><\/span><\/p>\n<p><span style=\"color: #000000;\"><strong>MENORES<\/strong><\/span><\/p>\n<p><span style=\"color: #000000;\"><!-- \/wp:paragraph --><!-- wp:paragraph --><\/span><\/p>\n<p><span style=\"color: #000000;\">Este Site n\u00e3o se destina a menores de 18 anos.<\/span><\/p>\n<p><span style=\"color: #000000;\"><!-- \/wp:paragraph --><!-- wp:paragraph --><\/span><\/p>\n<p><span style=\"color: #000000;\"><strong>ALTERA\u00c7\u00d5ES<\/strong><\/span><\/p>\n<p><span style=\"color: #000000;\"><!-- \/wp:paragraph --><!-- wp:paragraph --><\/span><\/p>\n<p><span style=\"color: #000000;\">Podemos atualizar esta pol\u00edtica de privacidade ocasionalmente de forma a refletir, por exemplo, mudan\u00e7as nas nossas pr\u00e1ticas ou devido a outros motivos operacionais, legais ou regulat\u00f3rios.<\/span><\/p>\n<p><span style=\"color: #000000;\"><!-- \/wp:paragraph --><!-- wp:paragraph --><\/span><\/p>\n<p><span style=\"color: #000000;\">Caso tenha mais quest\u00f5es e\/ou precise de mais informa\u00e7\u00e3o, n\u00e3o hesite em contactar-nos: info@octopusmisssion.pt.<\/span><\/p>\n<p><!-- \/wp:paragraph --><\/p>\t\t\t\t\t\t\t\t<\/div>\n\t\t\t\t\t<\/div>\n\t\t\t\t<\/div>\n\t\t\t\t<\/div>","protected":false},"excerpt":{"rendered":"<p>RESPONS\u00c1VEL PELO TRATAMENTO DOS DADOS PESSOAIS O respons\u00e1vel pelo tratamento dos dados pessoais recolhidos atrav\u00e9s da p\u00e1gina www.octopusmission.pt \u00e9 a OCTOPUSMISSION &#8211; Unipessoal Lda., pessoa coletiva n.\u00ba 518 499 944, com sede na Rua da portelinha n\u00ba 434 2\u00ba traseiras &#8211; 4510-638 F\u00e2nzeres &#8211; Gondomar, matriculada na conservat\u00f3ria do registo comercial de Gondomar, com o [&hellip;]<\/p>\n","protected":false},"author":1,"featured_media":0,"parent":0,"menu_order":0,"comment_status":"closed","ping_status":"closed","template":"","meta":{"footnotes":""},"class_list":["post-110","page","type-page","status-publish","hentry"],"_links":{"self":[{"href":"https:\/\/octopusmission.pt\/en\/wp-json\/wp\/v2\/pages\/110","targetHints":{"allow":["GET"]}}],"collection":[{"href":"https:\/\/octopusmission.pt\/en\/wp-json\/wp\/v2\/pages"}],"about":[{"href":"https:\/\/octopusmission.pt\/en\/wp-json\/wp\/v2\/types\/page"}],"author":[{"embeddable":true,"href":"https:\/\/octopusmission.pt\/en\/wp-json\/wp\/v2\/users\/1"}],"replies":[{"embeddable":true,"href":"https:\/\/octopusmission.pt\/en\/wp-json\/wp\/v2\/comments?post=110"}],"version-history":[{"count":15,"href":"https:\/\/octopusmission.pt\/en\/wp-json\/wp\/v2\/pages\/110\/revisions"}],"predecessor-version":[{"id":926,"href":"https:\/\/octopusmission.pt\/en\/wp-json\/wp\/v2\/pages\/110\/revisions\/926"}],"wp:attachment":[{"href":"https:\/\/octopusmission.pt\/en\/wp-json\/wp\/v2\/media?parent=110"}],"curies":[{"name":"wp","href":"https:\/\/api.w.org\/{rel}","templated":true}]}}