{"id":369,"date":"2025-08-05T22:22:31","date_gmt":"2025-08-05T21:22:31","guid":{"rendered":"https:\/\/octopusmission.pt\/?page_id=369"},"modified":"2026-02-18T15:32:04","modified_gmt":"2026-02-18T15:32:04","slug":"octopusmission","status":"publish","type":"page","link":"https:\/\/octopusmission.pt\/en\/","title":{"rendered":"In\u00edcio"},"content":{"rendered":"<div data-elementor-type=\"wp-page\" data-elementor-id=\"369\" class=\"elementor elementor-369\">\n\t\t\t\t<div class=\"elementor-element elementor-element-b469efc e-con-full e-flex e-con e-parent\" data-id=\"b469efc\" data-element_type=\"container\" data-e-type=\"container\" data-settings=\"{&quot;background_background&quot;:&quot;slideshow&quot;,&quot;background_slideshow_slide_transition&quot;:&quot;slide_up&quot;,&quot;animation&quot;:&quot;none&quot;,&quot;background_slideshow_gallery&quot;:[],&quot;background_slideshow_loop&quot;:&quot;yes&quot;,&quot;background_slideshow_slide_duration&quot;:5000,&quot;background_slideshow_transition_duration&quot;:500}\">\n\t\t<div class=\"elementor-element elementor-element-c980c55 e-con-full e-flex e-con e-child\" data-id=\"c980c55\" data-element_type=\"container\" data-e-type=\"container\">\n\t\t\t\t<div class=\"elementor-element elementor-element-d4b5138 animated-slow elementor-invisible elementor-widget elementor-widget-image\" data-id=\"d4b5138\" data-element_type=\"widget\" data-e-type=\"widget\" data-settings=\"{&quot;_animation&quot;:&quot;rotateInUpRight&quot;,&quot;_animation_delay&quot;:200}\" data-widget_type=\"image.default\">\n\t\t\t\t\t\t\t\t\t\t\t\t<figure class=\"wp-caption\">\n\t\t\t\t\t\t\t\t\t\t<img decoding=\"async\" width=\"150\" height=\"150\" src=\"https:\/\/octopusmission.pt\/wp-content\/uploads\/2025\/07\/cropped-OCTOPUS-3.-tiny-150x150.avif\" class=\"attachment-thumbnail size-thumbnail wp-image-842\" alt=\"\" srcset=\"https:\/\/octopusmission.pt\/wp-content\/uploads\/2025\/07\/cropped-OCTOPUS-3.-tiny-150x150.avif 150w, https:\/\/octopusmission.pt\/wp-content\/uploads\/2025\/07\/cropped-OCTOPUS-3.-tiny-300x300.avif 300w, https:\/\/octopusmission.pt\/wp-content\/uploads\/2025\/07\/cropped-OCTOPUS-3.-tiny-12x12.avif 12w, https:\/\/octopusmission.pt\/wp-content\/uploads\/2025\/07\/cropped-OCTOPUS-3.-tiny-270x270.avif 270w, https:\/\/octopusmission.pt\/wp-content\/uploads\/2025\/07\/cropped-OCTOPUS-3.-tiny-192x192.avif 192w, https:\/\/octopusmission.pt\/wp-content\/uploads\/2025\/07\/cropped-OCTOPUS-3.-tiny-180x180.avif 180w, https:\/\/octopusmission.pt\/wp-content\/uploads\/2025\/07\/cropped-OCTOPUS-3.-tiny-32x32.avif 32w, https:\/\/octopusmission.pt\/wp-content\/uploads\/2025\/07\/elementor\/thumbs\/cropped-OCTOPUS-3.-tiny-ri5bb5vu4880b88c5xi1ous97xsuqf0b7nfko9f138.avif 250w, https:\/\/octopusmission.pt\/wp-content\/uploads\/2025\/07\/cropped-OCTOPUS-3.-tiny.avif 512w\" sizes=\"(max-width: 150px) 100vw, 150px\" \/>\t\t\t\t\t\t\t\t\t\t\t<figcaption class=\"widget-image-caption wp-caption-text\">O seu transporte favorito, seguro e divertido<\/figcaption>\n\t\t\t\t\t\t\t\t\t\t<\/figure>\n\t\t\t\t\t\t\t\t\t<\/div>\n\t\t\t\t<div class=\"elementor-element elementor-element-7fd2969 elementor-widget__width-initial elementor-invisible elementor-widget elementor-widget-text-editor\" data-id=\"7fd2969\" data-element_type=\"widget\" data-e-type=\"widget\" data-settings=\"{&quot;_animation&quot;:&quot;fadeInDown&quot;}\" data-widget_type=\"text-editor.default\">\n\t\t\t\t\t\t\t\t\t<h5 style=\"text-align: center;\">A <em>OCTOPUSMISSION<\/em>\u00a0surge de uma grande vontade de criar uma nova forma de tratar\/cuidar o turismo e respectivos turistas, nacionais e internacionais, que habitam e visitam a regi\u00e3o Norte de Portugal.<\/h5><h5 style=\"text-align: center;\">Queremos que conhe\u00e7am a verdadeira hospitalidade Nortenha e divulgar o que de melhor se faz na regi\u00e3o.<\/h5>\t\t\t\t\t\t\t\t<\/div>\n\t\t\t\t<div class=\"elementor-element elementor-element-7aa1a63 elementor-widget__width-initial elementor-widget elementor-widget-text-editor\" data-id=\"7aa1a63\" data-element_type=\"widget\" data-e-type=\"widget\" data-widget_type=\"text-editor.default\">\n\t\t\t\t\t\t\t\t\t<h2 style=\"text-align: center;\"><span style=\"color: #339966;\"><strong><em>The Octopus Guides You <\/em><\/strong><\/span><\/h2><h2 style=\"text-align: center;\"><span style=\"color: #339966;\"><strong><em>the North Surprises You<\/em><\/strong><\/span><\/h2><p style=\"text-align: center;\">Transporte privado com eleg\u00e2ncia e discri\u00e7\u00e3o com rotas espec\u00edficas e\/ou \u00e0 sua escolha na<\/p><p style=\"text-align: center;\">Across Northern Portugal<\/p><p style=\"text-align: center;\" class=\"translation-block\">At OctopusMission, we offer a personalized transport service that blends comfort, discretion, and efficiency. Our unmarked vehicles are perfect for those who value privacy and exclusive service. Whether for curated tourism routes, custom events, or private transfers, we ensure a smooth and secure experience throughout the North.<\/p><p style=\"text-align: center;\"><img decoding=\"async\" class=\"emoji\" role=\"img\" draggable=\"false\" src=\"https:\/\/s.w.org\/images\/core\/emoji\/16.0.1\/svg\/1f697.svg\" alt=\"\ud83d\ude97\" \/> Frota moderna e confort\u00e1vel<br \/><img decoding=\"async\" class=\"emoji\" role=\"img\" draggable=\"false\" src=\"https:\/\/s.w.org\/images\/core\/emoji\/16.0.1\/svg\/1f552.svg\" alt=\"\ud83d\udd52\" \/> Hor\u00e1rios flex\u00edveis e adaptados \u00e0s suas necessidades<br \/><img decoding=\"async\" class=\"emoji\" role=\"img\" draggable=\"false\" src=\"https:\/\/s.w.org\/images\/core\/emoji\/16.0.1\/svg\/1f6e1.svg\" alt=\"\ud83d\udee1\ufe0f\" \/> Privacidade total e atendimento profissional<br \/><img decoding=\"async\" class=\"emoji\" role=\"img\" draggable=\"false\" src=\"https:\/\/s.w.org\/images\/core\/emoji\/16.0.1\/svg\/1f4cd.svg\" alt=\"\ud83d\udccd\" \/> Cobertura em cidades como Porto, Braga, Guimar\u00e3es, Vila Real e arredores<\/p><p style=\"text-align: center;\"><a href=\"https:\/\/octopusmission.pt\/en\/sevicos\/\">Book now<\/a> e viaje com tranquilidade.<\/p><p style=\"text-align: center;\"><strong>Com a OctopusMission \u2014 A sua mobilidade, ao mais alto n\u00edvel.<\/strong><\/p>\t\t\t\t\t\t\t\t<\/div>\n\t\t\t\t<\/div>\n\t\t\t\t<\/div>\n\t\t<div class=\"elementor-element elementor-element-a6b3cb7 e-grid e-con-full e-con e-parent\" data-id=\"a6b3cb7\" data-element_type=\"container\" data-e-type=\"container\">\n\t\t\t\t<div class=\"elementor-element elementor-element-d884d02 elementor-widget elementor-widget-text-editor\" data-id=\"d884d02\" data-element_type=\"widget\" data-e-type=\"widget\" data-widget_type=\"text-editor.default\">\n\t\t\t\t\t\t\t\t\t<h3 style=\"text-align: center;\"><span style=\"color: #339966;\"><strong>MISS\u00c3O<\/strong><\/span><\/h3><p style=\"text-align: center;\">A\u00a0<em>OCTOPUSMISSION<\/em>\u00a0compromete-se a criar servi\u00e7os \u00fanicos e que v\u00e3o ao encontro das necessidades dos seus clientes. Partilhar bons momentos, criar valor e divers\u00e3o para todos, sempre comprometidos com a seguran\u00e7a, responsabilidade social e uma constante preocupa\u00e7\u00e3o com um desenvolvimento sustent\u00e1vel.<\/p>\t\t\t\t\t\t\t\t<\/div>\n\t\t\t\t<div class=\"elementor-element elementor-element-36503fc elementor-widget elementor-widget-text-editor\" data-id=\"36503fc\" data-element_type=\"widget\" data-e-type=\"widget\" data-widget_type=\"text-editor.default\">\n\t\t\t\t\t\t\t\t\t<h3 style=\"text-align: center;\"><span style=\"color: #339966;\"><strong>VIS\u00c3O<\/strong><\/span><\/h3><p style=\"text-align: center;\"><span style=\"font-size: 1rem;\">Ser a melhor empresa de servi\u00e7os a n\u00edvel nacional nas suas \u00e1reas de atua\u00e7\u00e3o: transporte ocasional de passageiros (at\u00e9 9 lugares), atividades de anima\u00e7\u00e3o tur\u00edstica, venda de produtos tradicionais e exclusivos\u00a0<\/span><em style=\"font-size: 1rem;\">online<\/em><span style=\"font-size: 1rem;\">.<\/span><\/p>\t\t\t\t\t\t\t\t<\/div>\n\t\t\t\t<div class=\"elementor-element elementor-element-af932b1 elementor-widget elementor-widget-text-editor\" data-id=\"af932b1\" data-element_type=\"widget\" data-e-type=\"widget\" data-widget_type=\"text-editor.default\">\n\t\t\t\t\t\t\t\t\t<h3 style=\"text-align: center;\"><span style=\"color: #339966;\"><strong>VALORES<\/strong><\/span><\/h3><p style=\"text-align: center;\"><span style=\"font-size: 1rem;\">Responsabilidade<\/span><span style=\"font-size: 1rem;\">\u00a0<\/span><\/p><p style=\"text-align: center;\">Integridade<\/p><p style=\"text-align: center;\">Comprometimento<\/p><p style=\"text-align: center;\">Confian\u00e7a<\/p>\t\t\t\t\t\t\t\t<\/div>\n\t\t\t\t<\/div>\n\t\t<div class=\"elementor-element elementor-element-e02cd9e e-con-full e-flex e-con e-parent\" data-id=\"e02cd9e\" data-element_type=\"container\" data-e-type=\"container\">\n\t\t\t\t<div class=\"elementor-element elementor-element-ec9a18a elementor-widget elementor-widget-image\" data-id=\"ec9a18a\" data-element_type=\"widget\" data-e-type=\"widget\" data-widget_type=\"image.default\">\n\t\t\t\t\t\t\t\t\t\t\t\t\t\t\t<img decoding=\"async\" src=\"https:\/\/octopusmission.pt\/wp-content\/uploads\/elementor\/thumbs\/Elogios--e1769378135695-ri70ewom36lvcdsj1bqz1kp24pdm7o80z6a5c4yd3c.png\" title=\"elogios-clientes.png\" alt=\"Elogios recentes dos clientes\" loading=\"lazy\" \/>\t\t\t\t\t\t\t\t\t\t\t\t\t\t\t<\/div>\n\t\t\t\t<\/div>\n\t\t\t\t<\/div>","protected":false},"excerpt":{"rendered":"<p>O seu transporte favorito, seguro e divertido A OCTOPUSMISSION\u00a0surge de uma grande vontade de criar uma nova forma de tratar\/cuidar o turismo e respectivos turistas, nacionais e internacionais, que habitam e visitam a regi\u00e3o Norte de Portugal. Queremos que conhe\u00e7am a verdadeira hospitalidade Nortenha e divulgar o que de melhor se faz na regi\u00e3o. O [&hellip;]<\/p>\n","protected":false},"author":1,"featured_media":0,"parent":0,"menu_order":0,"comment_status":"closed","ping_status":"closed","template":"","meta":{"footnotes":""},"class_list":["post-369","page","type-page","status-publish","hentry"],"_links":{"self":[{"href":"https:\/\/octopusmission.pt\/en\/wp-json\/wp\/v2\/pages\/369","targetHints":{"allow":["GET"]}}],"collection":[{"href":"https:\/\/octopusmission.pt\/en\/wp-json\/wp\/v2\/pages"}],"about":[{"href":"https:\/\/octopusmission.pt\/en\/wp-json\/wp\/v2\/types\/page"}],"author":[{"embeddable":true,"href":"https:\/\/octopusmission.pt\/en\/wp-json\/wp\/v2\/users\/1"}],"replies":[{"embeddable":true,"href":"https:\/\/octopusmission.pt\/en\/wp-json\/wp\/v2\/comments?post=369"}],"version-history":[{"count":213,"href":"https:\/\/octopusmission.pt\/en\/wp-json\/wp\/v2\/pages\/369\/revisions"}],"predecessor-version":[{"id":953,"href":"https:\/\/octopusmission.pt\/en\/wp-json\/wp\/v2\/pages\/369\/revisions\/953"}],"wp:attachment":[{"href":"https:\/\/octopusmission.pt\/en\/wp-json\/wp\/v2\/media?parent=369"}],"curies":[{"name":"wp","href":"https:\/\/api.w.org\/{rel}","templated":true}]}}