{"id":386,"date":"2025-08-05T16:30:36","date_gmt":"2025-08-05T15:30:36","guid":{"rendered":"https:\/\/octopusmission.pt\/?page_id=386"},"modified":"2026-02-24T15:38:22","modified_gmt":"2026-02-24T15:38:22","slug":"sevicos","status":"publish","type":"page","link":"https:\/\/octopusmission.pt\/en\/sevicos\/","title":{"rendered":"Servi\u00e7os"},"content":{"rendered":"\t\t<div data-elementor-type=\"wp-page\" data-elementor-id=\"386\" class=\"elementor elementor-386\">\n\t\t\t\t<div class=\"elementor-element elementor-element-4e1b3cc e-flex e-con-boxed e-con e-parent\" data-id=\"4e1b3cc\" data-element_type=\"container\" data-e-type=\"container\">\n\t\t\t\t\t<div class=\"e-con-inner\">\n\t\t\t\t<div class=\"elementor-element elementor-element-cb8241c animated-slow elementor-invisible elementor-widget elementor-widget-heading\" data-id=\"cb8241c\" data-element_type=\"widget\" data-e-type=\"widget\" data-settings=\"{&quot;_animation&quot;:&quot;swing&quot;}\" data-widget_type=\"heading.default\">\n\t\t\t\t\t<h3 class=\"elementor-heading-title elementor-size-default\"><b>ROTA DA FRANCESINHA (m\u00e1x. 2 horas)<\/b><br>Porto - Porto\/V N Gaia<br>Comer a melhor Francesinha do Porto, <br>ou melhor, do MUNDO.<br>V\u00e1rios Restaurantes \u00e0 escolha<\/h3>\t\t\t\t<\/div>\n\t\t\t\t<div class=\"elementor-element elementor-element-7975fb1 animated-slow elementor-invisible elementor-widget elementor-widget-heading\" data-id=\"7975fb1\" data-element_type=\"widget\" data-e-type=\"widget\" data-settings=\"{&quot;_animation&quot;:&quot;swing&quot;}\" data-widget_type=\"heading.default\">\n\t\t\t\t\t<h3 class=\"elementor-heading-title elementor-size-default\"><b>ROTA DO PEIXE (m\u00e1x. 2 horas)<\/b><br>Porto - Matosinhos <br>Ideal para quem gosta de peixe fresco e grelhado na rua.<br>V\u00e1rios restaurantes \u00e1 escolha <\/h3>\t\t\t\t<\/div>\n\t\t\t\t<div class=\"elementor-element elementor-element-3e03553 animated-slow elementor-invisible elementor-widget elementor-widget-heading\" data-id=\"3e03553\" data-element_type=\"widget\" data-e-type=\"widget\" data-settings=\"{&quot;_animation&quot;:&quot;swing&quot;}\" data-widget_type=\"heading.default\">\n\t\t\t\t\t<h3 class=\"elementor-heading-title elementor-size-default\"><b>ROTA S\u00c9NIOR<\/b><br>Porto <br>Transporte para pessoas a partir de 65 anos<br>Rotas personalizadas <\/h3>\t\t\t\t<\/div>\n\t\t\t\t<div class=\"elementor-element elementor-element-9052b4e animated-slow elementor-invisible elementor-widget elementor-widget-heading\" data-id=\"9052b4e\" data-element_type=\"widget\" data-e-type=\"widget\" data-settings=\"{&quot;_animation&quot;:&quot;swing&quot;}\" data-widget_type=\"heading.default\">\n\t\t\t\t\t<h3 class=\"elementor-heading-title elementor-size-default\"><b>ROTAS \u00c1 ESCOLHA<\/b><br>Fa\u00e7a a sua rota ... <\/h3>\t\t\t\t<\/div>\n\t\t\t\t\t<\/div>\n\t\t\t\t<\/div>\n\t\t<div class=\"elementor-element elementor-element-4a00d6e e-flex e-con-boxed e-con e-parent\" data-id=\"4a00d6e\" data-element_type=\"container\" data-e-type=\"container\">\n\t\t\t\t\t<div class=\"e-con-inner\">\n\t\t\t\t<div class=\"elementor-element elementor-element-cb315e4 elementor-widget elementor-widget-text-editor\" data-id=\"cb315e4\" data-element_type=\"widget\" data-e-type=\"widget\" data-widget_type=\"text-editor.default\">\n\t\t\t\t\t\t\t\t\t<h2 style=\"text-align: left;\"><em><strong>Pre\u00e7os:&nbsp;<\/strong><\/em><\/h2>\n<p style=\"text-align: center;\">Correspondem, exclusivamente,<em>&nbsp;ao servi\u00e7o de transporte efetivo (ex. sem alimenta\u00e7\u00e3o)<\/em><\/p>\n<p style=\"text-align: center;\">4 pessoas m\u00e1ximo<\/p>\n<p style=\"text-align: center;\">Local de embarque (a indicar):&nbsp;<\/p>\n<p style=\"text-align: center;\">Porto Centro &#8211; ida e volta (at\u00e9 20Km) &#8211; <strong>25\u20ac<\/strong><\/p>\n<p style=\"text-align: center;\">Acima de 20 km &#8211; acresce <strong>1\u20ac<\/strong>\/km<\/p>\n<p style=\"text-align: center;\">Outros locais (fora do Porto) de recolha &#8211; pre\u00e7os a or\u00e7amentar<\/p>\n<h2 style=\"text-align: left;\"><em><strong>Reservar:<\/strong><\/em><\/h2>\t\t\t\t\t\t\t\t<\/div>\n\t\t\t\t\t<\/div>\n\t\t\t\t<\/div>\n\t\t<div class=\"elementor-element elementor-element-f6e32f2 e-flex e-con-boxed e-con e-parent\" data-id=\"f6e32f2\" data-element_type=\"container\" data-e-type=\"container\">\n\t\t\t\t\t<div class=\"e-con-inner\">\n\t\t\t\t<div class=\"elementor-element elementor-element-37824f1 elementor-widget elementor-widget-shortcode\" data-id=\"37824f1\" data-element_type=\"widget\" data-e-type=\"widget\" data-widget_type=\"shortcode.default\">\n\t\t\t\t\t\t\t<div class=\"elementor-shortcode\"><!--\nPlugin Name: Bookly - Responsive WordPress Appointment Booking and Scheduling Plugin\nPlugin URI: https:\/\/www.booking-wp-plugin.com\/?utm_source=bookly_admin&utm_medium=plugins_page&utm_campaign=plugins_page\nVersion: 27.4-->\n<style type=\"text\/css\">\n    :root {\n        --bookly-main-color: #1d79f2 !important;\n        --bookly-color: #1d79f2 !important;\n    }\n\n    <\/style><div class=\"bookly-css-root\">\n    <div id=\"bookly-form-container-69e88189425b0\" class=\"bookly-form\" data-form_id=\"\" aria-live=\"polite\">\n        <div style=\"text-align: center\"><img decoding=\"async\" src=\"https:\/\/octopusmission.pt\/wp-includes\/js\/tinymce\/skins\/lightgray\/img\/loader.gif\" alt=\"Loading...\"\/><\/div>\n    <\/div>\n<\/div>\n<script type=\"text\/javascript\">\n    (function (win, fn) {\n        var done = false, top = true,\n            doc = win.document,\n            root = doc.documentElement,\n            modern = doc.addEventListener,\n            add = modern ? 'addEventListener' : 'attachEvent',\n            rem = modern ? 'removeEventListener' : 'detachEvent',\n            pre = modern ? '' : 'on',\n            init = function (e) {\n                if (e.type == 'readystatechange') if (doc.readyState != 'complete') return;\n                (e.type == 'load' ? win : doc)[rem](pre + e.type, init, false);\n                if (!done) {\n                    done = true;\n                    fn.call(win, e.type || e);\n                }\n            },\n            poll = function () {\n                try {\n                    root.doScroll('left');\n                } catch (e) {\n                    setTimeout(poll, 50);\n                    return;\n                }\n                init('poll');\n            };\n        if (doc.readyState == 'complete') fn.call(win, 'lazy');\n        else {\n            if (!modern) if (root.doScroll) {\n                try {\n                    top = !win.frameElement;\n                } catch (e) {\n                }\n                if (top) poll();\n            }\n            doc[add](pre + 'DOMContentLoaded', init, false);\n            doc[add](pre + 'readystatechange', init, false);\n            win[add](pre + 'load', init, false);\n        }\n    })(window, function () {\n        window.bookly( {\"form_id\":\"69e88189425b0\",\"form_data\":{\"skip_service_step\":0,\"hide_service_part1\":0,\"hide_service_part2\":0,\"defaults\":{\"service_id\":0,\"staff_id\":0,\"location_id\":0,\"category_id\":0,\"units\":0,\"date_from\":0,\"time_from\":0,\"time_to\":0}},\"status\":{\"booking\":\"new\"},\"form_token\":null,\"skip_steps\":{\"service_part1\":0,\"service_part2\":0,\"extras\":1,\"time\":0,\"repeat\":1,\"cart\":1},\"errors\":{\"session_error\":\"Session error.\",\"form_id_error\":\"Form ID error.\",\"cart_item_not_available\":\"A hora selecionada j\\u00e1 n\\u00e3o se encontra dispon\\u00edvel. Por favor escolha um outro intervalo.\",\"pay_locally_not_available\":\"Pay locally is not available.\",\"invalid_gateway\":\"Invalid gateway.\",\"payment_error\":\"Error.\",\"incorrect_username_password\":\"Incorrect username or password.\"},\"form_attributes\":{\"hide_categories\":false,\"hide_services\":false,\"hide_staff_members\":false,\"show_number_of_persons\":false,\"hide_service_duration\":true,\"hide_locations\":true,\"hide_quantity\":true,\"hide_date\":false,\"hide_week_days\":false,\"hide_time_range\":false},\"use_client_time_zone\":1,\"defaults\":{\"service_id\":0,\"staff_id\":0,\"location_id\":0,\"category_id\":0},\"datepicker_mode\":\"text-accent\"} );\n    });\n<\/script><\/div>\n\t\t\t\t\t\t<\/div>\n\t\t\t\t\t<\/div>\n\t\t\t\t<\/div>\n\t\t\t\t<\/div>\n\t\t","protected":false},"excerpt":{"rendered":"<p>ROTA DA FRANCESINHA (m\u00e1x. 2 horas)Porto &#8211; Porto\/V N GaiaComer a melhor Francesinha do Porto, ou melhor, do MUNDO.V\u00e1rios Restaurantes \u00e0 escolha ROTA DO PEIXE (m\u00e1x. 2 horas)Porto &#8211; Matosinhos Ideal para quem gosta de peixe fresco e grelhado na rua.V\u00e1rios restaurantes \u00e1 escolha ROTA S\u00c9NIORPorto Transporte para pessoas a partir de 65 anosRotas personalizadas [&hellip;]<\/p>\n","protected":false},"author":1,"featured_media":0,"parent":0,"menu_order":0,"comment_status":"closed","ping_status":"closed","template":"","meta":{"footnotes":""},"class_list":["post-386","page","type-page","status-publish","hentry"],"_links":{"self":[{"href":"https:\/\/octopusmission.pt\/en\/wp-json\/wp\/v2\/pages\/386","targetHints":{"allow":["GET"]}}],"collection":[{"href":"https:\/\/octopusmission.pt\/en\/wp-json\/wp\/v2\/pages"}],"about":[{"href":"https:\/\/octopusmission.pt\/en\/wp-json\/wp\/v2\/types\/page"}],"author":[{"embeddable":true,"href":"https:\/\/octopusmission.pt\/en\/wp-json\/wp\/v2\/users\/1"}],"replies":[{"embeddable":true,"href":"https:\/\/octopusmission.pt\/en\/wp-json\/wp\/v2\/comments?post=386"}],"version-history":[{"count":70,"href":"https:\/\/octopusmission.pt\/en\/wp-json\/wp\/v2\/pages\/386\/revisions"}],"predecessor-version":[{"id":967,"href":"https:\/\/octopusmission.pt\/en\/wp-json\/wp\/v2\/pages\/386\/revisions\/967"}],"wp:attachment":[{"href":"https:\/\/octopusmission.pt\/en\/wp-json\/wp\/v2\/media?parent=386"}],"curies":[{"name":"wp","href":"https:\/\/api.w.org\/{rel}","templated":true}]}}