{"id":670,"date":"2025-10-16T22:41:55","date_gmt":"2025-10-16T21:41:55","guid":{"rendered":"https:\/\/octopusmission.pt\/?page_id=670"},"modified":"2026-02-18T12:04:07","modified_gmt":"2026-02-18T12:04:07","slug":"livro-de-reclamacoes-eletronicoronico","status":"publish","type":"page","link":"https:\/\/octopusmission.pt\/en\/livro-de-reclamacoes-eletronicoronico\/","title":{"rendered":"Livro de Reclama\u00e7\u00f5es Eletr\u00f3nico"},"content":{"rendered":"<div data-elementor-type=\"wp-page\" data-elementor-id=\"670\" class=\"elementor elementor-670\">\n\t\t\t\t<div class=\"elementor-element elementor-element-c2fe120 e-flex e-con-boxed e-con e-parent\" data-id=\"c2fe120\" data-element_type=\"container\" data-e-type=\"container\">\n\t\t\t\t\t<div class=\"e-con-inner\">\n\t\t\t\t<div class=\"elementor-element elementor-element-47f359a elementor-align-center elementor-widget elementor-widget-button\" data-id=\"47f359a\" data-element_type=\"widget\" data-e-type=\"widget\" data-widget_type=\"button.default\">\n\t\t\t\t\t\t\t\t\t\t<a class=\"elementor-button elementor-button-link elementor-size-sm\" href=\"https:\/\/www.livroreclamacoes.pt\/Inicio\/\">\n\t\t\t\t\t\t<span class=\"elementor-button-content-wrapper\">\n\t\t\t\t\t\t\t\t\t<span class=\"elementor-button-text\">Clique aqui<\/span>\n\t\t\t\t\t<\/span>\n\t\t\t\t\t<\/a>\n\t\t\t\t\t\t\t\t<\/div>\n\t\t\t\t\t<\/div>\n\t\t\t\t<\/div>\n\t\t\t\t<\/div>","protected":false},"excerpt":{"rendered":"<p>Clique aqui<\/p>","protected":false},"author":1,"featured_media":0,"parent":0,"menu_order":0,"comment_status":"closed","ping_status":"closed","template":"","meta":{"footnotes":""},"class_list":["post-670","page","type-page","status-publish","hentry"],"_links":{"self":[{"href":"https:\/\/octopusmission.pt\/en\/wp-json\/wp\/v2\/pages\/670","targetHints":{"allow":["GET"]}}],"collection":[{"href":"https:\/\/octopusmission.pt\/en\/wp-json\/wp\/v2\/pages"}],"about":[{"href":"https:\/\/octopusmission.pt\/en\/wp-json\/wp\/v2\/types\/page"}],"author":[{"embeddable":true,"href":"https:\/\/octopusmission.pt\/en\/wp-json\/wp\/v2\/users\/1"}],"replies":[{"embeddable":true,"href":"https:\/\/octopusmission.pt\/en\/wp-json\/wp\/v2\/comments?post=670"}],"version-history":[{"count":8,"href":"https:\/\/octopusmission.pt\/en\/wp-json\/wp\/v2\/pages\/670\/revisions"}],"predecessor-version":[{"id":911,"href":"https:\/\/octopusmission.pt\/en\/wp-json\/wp\/v2\/pages\/670\/revisions\/911"}],"wp:attachment":[{"href":"https:\/\/octopusmission.pt\/en\/wp-json\/wp\/v2\/media?parent=670"}],"curies":[{"name":"wp","href":"https:\/\/api.w.org\/{rel}","templated":true}]}}